{"id":466,"date":"2014-06-14T14:14:50","date_gmt":"2014-06-14T12:14:50","guid":{"rendered":"http:\/\/www.gruene-hoevelhof.de\/cms\/?page_id=466"},"modified":"2025-11-13T13:14:50","modified_gmt":"2025-11-13T12:14:50","slug":"ratsfraktion","status":"publish","type":"page","link":"https:\/\/www.gruene-hoevelhof.de\/cms\/ratsfraktion\/","title":{"rendered":"Ratsfraktion"},"content":{"rendered":"<p>Mail:\u00a0 <a href=\"javascript:DeCryptX('1s1b3w1t3i3u2c2m3w1j0o0n0@2i0r0u3h1o1f0-0h3r3h3y1f1m3k3r2h310d0e')\">&#114;&#97;t&#115;f&#114;&#97;&#107;ti&#111;n&#64;&#103;&#114;ue&#110;e-h&#111;&#101;&#118;e&#108;&#104;&#111;f.&#100;&#101;<\/a><br data-rich-text-line-break=\"true\" \/>Treffen unserer Fraktionssitzungen finden sie unter <a href=\"https:\/\/www.gruene-hoevelhof.de\/cms\/termine\/\">Termine<\/a>.<\/p>\n<h2><span style=\"color: #ffffff;\">A<\/span><\/h2>\n<h2>Unsere Fraktion im Rat der Gemeinde H\u00f6velhof<\/h2>\n<ul>\n<li>Antonia Gros<\/li>\n<li>Klaus-Peter Stulla<\/li>\n<li>Alexander L\u00f6hr (stelv. Fraktionsvorsitzender)<\/li>\n<li>Oliver Kaluza (Fraktionsvorsitzender)<\/li>\n<\/ul>\n<h2><span style=\"color: #ffffff;\">A<\/span><\/h2>\n<h2>Antr\u00e4ge<\/h2>\n<p><a href=\"https:\/\/hoevelhof.more-rubin1.de\/\" target=\"_blank\" rel=\"noopener noreferrer\">Ratsinformationssystem der Gemeinde H\u00f6velhof<\/a><\/p>\n<h2><span style=\"color: #ffffff;\">A<\/span><\/h2>\n<h2>Gesch\u00e4ftsordnung<\/h2>\n<p>vom 02.06.2014<\/p>\n<p>Mit der Gesch\u00e4ftsordnung wird die Arbeit der Fraktion geregelt.<\/p>\n<p>PDF Format:\u00a0<a href=\"http:\/\/www.gruene-hoevelhof.de\/cms\/wp-content\/uploads\/2014\/06\/GO-Ratsfraktion-H\u00f6velhof.pdf\" target=\"_blank\" rel=\"noopener noreferrer\">Gesch\u00e4ftsordnung Ratsfraktion GR\u00dcNE H\u00f6velhof<\/a><\/p>\n<p>Word Dokument:\u00a0<a href=\"http:\/\/www.gruene-hoevelhof.de\/cms\/wp-content\/uploads\/2014\/06\/GO-Ratsfraktion-H\u00f6velhof.docx\" target=\"_blank\" rel=\"noopener noreferrer\">Gesch\u00e4ftsordnung Ratsfraktion GR\u00dcNE H\u00f6velhof<\/a><\/p>\n","protected":false},"excerpt":{"rendered":"<p>Mail:\u00a0 ra&#116;s&#102;r&#97;k&#116;&#105;&#111;n&#64;&#103;ruen&#101;-h&#111;&#101;ve&#108;&#104;&#111;f.&#100;eTreffen unserer Fraktionssitzungen finden sie unter Termine. A Unsere Fraktion im Rat der Gemeinde H\u00f6velhof Antonia Gros Klaus-Peter Stulla Alexander L\u00f6hr (stelv. Fraktionsvorsitzender) Oliver Kaluza (Fraktionsvorsitzender) A Antr\u00e4ge Ratsinformationssystem&#8230; <\/p>\n","protected":false},"author":2,"featured_media":0,"parent":0,"menu_order":0,"comment_status":"closed","ping_status":"closed","template":"","meta":{"footnotes":""},"class_list":["post-466","page","type-page","status-publish","hentry"],"_links":{"self":[{"href":"https:\/\/www.gruene-hoevelhof.de\/cms\/wp-json\/wp\/v2\/pages\/466","targetHints":{"allow":["GET"]}}],"collection":[{"href":"https:\/\/www.gruene-hoevelhof.de\/cms\/wp-json\/wp\/v2\/pages"}],"about":[{"href":"https:\/\/www.gruene-hoevelhof.de\/cms\/wp-json\/wp\/v2\/types\/page"}],"author":[{"embeddable":true,"href":"https:\/\/www.gruene-hoevelhof.de\/cms\/wp-json\/wp\/v2\/users\/2"}],"replies":[{"embeddable":true,"href":"https:\/\/www.gruene-hoevelhof.de\/cms\/wp-json\/wp\/v2\/comments?post=466"}],"version-history":[{"count":31,"href":"https:\/\/www.gruene-hoevelhof.de\/cms\/wp-json\/wp\/v2\/pages\/466\/revisions"}],"predecessor-version":[{"id":1801,"href":"https:\/\/www.gruene-hoevelhof.de\/cms\/wp-json\/wp\/v2\/pages\/466\/revisions\/1801"}],"wp:attachment":[{"href":"https:\/\/www.gruene-hoevelhof.de\/cms\/wp-json\/wp\/v2\/media?parent=466"}],"curies":[{"name":"wp","href":"https:\/\/api.w.org\/{rel}","templated":true}]}}