{"id":396,"date":"2014-05-10T16:23:31","date_gmt":"2014-05-10T14:23:31","guid":{"rendered":"http:\/\/www.gruene-hoevelhof.de\/cms\/?page_id=396"},"modified":"2015-01-21T15:00:21","modified_gmt":"2015-01-21T13:00:21","slug":"juliane-brauckmann","status":"publish","type":"page","link":"https:\/\/www.gruene-hoevelhof.de\/cms\/juliane-brauckmann\/","title":{"rendered":"Juliane Brauckmann"},"content":{"rendered":"<div id=\"attachment_393\" class=\"wp-caption aligncenter\" style=\"width: 428px\"><a class=\"fancybox\" rel=\"gallery396\" href=\"http:\/\/www.gruene-hoevelhof.de\/cms\/wp-content\/uploads\/2014\/05\/HP_Juliane.png\"><img loading=\"lazy\" decoding=\"async\" class=\"size-full wp-image-393\" src=\"http:\/\/www.gruene-hoevelhof.de\/cms\/wp-content\/uploads\/2014\/05\/HP_Juliane.png\" alt=\"Juliane Brauckmann\" width=\"428\" height=\"285\" \/><\/a><p class=\"wp-caption-text\">Juliane Brauckmann<\/p><\/div>\n<h3><strong>Wohnort<\/strong><\/h3>\n<p>Am Kiefernw\u00e4ldchen 15, H\u00f6velhof-H\u00f6velriege<\/p>\n<h3>Berufliches<\/h3>\n<p>Rechtsanw\u00e4ltin, Fachanw\u00e4ltin f\u00fcr Verwaltungsrecht sowie Fachanw\u00e4ltin f\u00fcr Familienrecht und Bank-und Kapitalmarktrecht<\/p>\n<h3>Statement<\/h3>\n<p><em>Meine Vorstellung von Kommunalpotitik in H\u00f6velhof bedeutet mehr B\u00fcrgerbeteiligung in allen relevanten Bereichen wie z.B. Schulpolitik oder Entwicklung der Ortsteile. Im Rat m\u00f6chte ich zu einer sachlichen Er\u00f6rterung der anstehenden Entscheidungen beitragen. Die Polemik und Unkenntnis der Rechtslage bei der Frage der m\u00f6glichen Ausweisung eines Nationalparks finde ich traurig und hoffe, dass die Chancen f\u00fcr H\u00f6velhof doch noch erkannt werden. Frauenf\u00f6rderung ist f\u00fcr mich ein weiteres wichtiges Thema.<\/em><\/p>\n<h3>Erreichbarkeit<\/h3>\n<p><a href=\"javascript:DeCryptX('1k1v1m0i2c1o0e0.1c3u2c2w2e0k2o1b1o3q2B0g1s0u0e3q0e2\/3k0o3h3y2g1m0h1p3i0.3g3h')\">ju&#108;&#105;&#97;&#110;&#101;&#46;&#98;&#114;a&#117;c&#107;ma&#110;&#110;&#64;gru&#101;&#110;e&#45;h&#111;&#101;&#118;el&#104;&#111;&#102;&#46;&#100;&#101;<\/a><\/p>\n","protected":false},"excerpt":{"rendered":"<p>Wohnort Am Kiefernw\u00e4ldchen 15, H\u00f6velhof-H\u00f6velriege Berufliches Rechtsanw\u00e4ltin, Fachanw\u00e4ltin f\u00fcr Verwaltungsrecht sowie Fachanw\u00e4ltin f\u00fcr Familienrecht und Bank-und Kapitalmarktrecht Statement Meine Vorstellung von Kommunalpotitik in H\u00f6velhof bedeutet mehr B\u00fcrgerbeteiligung in allen relevanten&#8230; <\/p>\n","protected":false},"author":2,"featured_media":0,"parent":0,"menu_order":0,"comment_status":"closed","ping_status":"closed","template":"","meta":{"footnotes":""},"class_list":["post-396","page","type-page","status-publish","hentry"],"_links":{"self":[{"href":"https:\/\/www.gruene-hoevelhof.de\/cms\/wp-json\/wp\/v2\/pages\/396","targetHints":{"allow":["GET"]}}],"collection":[{"href":"https:\/\/www.gruene-hoevelhof.de\/cms\/wp-json\/wp\/v2\/pages"}],"about":[{"href":"https:\/\/www.gruene-hoevelhof.de\/cms\/wp-json\/wp\/v2\/types\/page"}],"author":[{"embeddable":true,"href":"https:\/\/www.gruene-hoevelhof.de\/cms\/wp-json\/wp\/v2\/users\/2"}],"replies":[{"embeddable":true,"href":"https:\/\/www.gruene-hoevelhof.de\/cms\/wp-json\/wp\/v2\/comments?post=396"}],"version-history":[{"count":4,"href":"https:\/\/www.gruene-hoevelhof.de\/cms\/wp-json\/wp\/v2\/pages\/396\/revisions"}],"predecessor-version":[{"id":583,"href":"https:\/\/www.gruene-hoevelhof.de\/cms\/wp-json\/wp\/v2\/pages\/396\/revisions\/583"}],"wp:attachment":[{"href":"https:\/\/www.gruene-hoevelhof.de\/cms\/wp-json\/wp\/v2\/media?parent=396"}],"curies":[{"name":"wp","href":"https:\/\/api.w.org\/{rel}","templated":true}]}}